{"id":306,"date":"2026-03-21T17:16:02","date_gmt":"2026-03-21T16:16:02","guid":{"rendered":"https:\/\/saintjeanceramique.fr\/?post_type=product&#038;p=306"},"modified":"2026-03-21T17:16:02","modified_gmt":"2026-03-21T16:16:02","slug":"coupe-bleue-grand-format","status":"publish","type":"product","link":"https:\/\/saintjeanceramique.fr\/index.php\/produit\/coupe-bleue-grand-format\/","title":{"rendered":"Coupe bleue grand format"},"content":{"rendered":"<p><img loading=\"lazy\" decoding=\"async\" class=\"alignnone size-medium wp-image-315\" src=\"https:\/\/saintjeanceramique.fr\/wp-content\/uploads\/2026\/03\/Coupe-bleue-GF-300x225.jpg\" alt=\"\" width=\"300\" height=\"225\" srcset=\"https:\/\/saintjeanceramique.fr\/wp-content\/uploads\/2026\/03\/Coupe-bleue-GF-300x225.jpg 300w, https:\/\/saintjeanceramique.fr\/wp-content\/uploads\/2026\/03\/Coupe-bleue-GF-1024x768.jpg 1024w, https:\/\/saintjeanceramique.fr\/wp-content\/uploads\/2026\/03\/Coupe-bleue-GF-768x576.jpg 768w, https:\/\/saintjeanceramique.fr\/wp-content\/uploads\/2026\/03\/Coupe-bleue-GF-1536x1152.jpg 1536w, https:\/\/saintjeanceramique.fr\/wp-content\/uploads\/2026\/03\/Coupe-bleue-GF-2048x1536.jpg 2048w, https:\/\/saintjeanceramique.fr\/wp-content\/uploads\/2026\/03\/Coupe-bleue-GF-1000x750.jpg 1000w, https:\/\/saintjeanceramique.fr\/wp-content\/uploads\/2026\/03\/Coupe-bleue-GF-230x173.jpg 230w, https:\/\/saintjeanceramique.fr\/wp-content\/uploads\/2026\/03\/Coupe-bleue-GF-350x263.jpg 350w, https:\/\/saintjeanceramique.fr\/wp-content\/uploads\/2026\/03\/Coupe-bleue-GF-480x360.jpg 480w, https:\/\/saintjeanceramique.fr\/wp-content\/uploads\/2026\/03\/Coupe-bleue-GF-800x600.jpg 800w\" sizes=\"auto, (max-width: 300px) 100vw, 300px\" \/><img loading=\"lazy\" decoding=\"async\" class=\"alignnone size-medium wp-image-317\" src=\"https:\/\/saintjeanceramique.fr\/wp-content\/uploads\/2026\/03\/Coupe-bleue-GF2-1-300x225.jpg\" alt=\"\" width=\"300\" height=\"225\" srcset=\"https:\/\/saintjeanceramique.fr\/wp-content\/uploads\/2026\/03\/Coupe-bleue-GF2-1-300x225.jpg 300w, https:\/\/saintjeanceramique.fr\/wp-content\/uploads\/2026\/03\/Coupe-bleue-GF2-1-1024x768.jpg 1024w, https:\/\/saintjeanceramique.fr\/wp-content\/uploads\/2026\/03\/Coupe-bleue-GF2-1-768x576.jpg 768w, https:\/\/saintjeanceramique.fr\/wp-content\/uploads\/2026\/03\/Coupe-bleue-GF2-1-1536x1152.jpg 1536w, https:\/\/saintjeanceramique.fr\/wp-content\/uploads\/2026\/03\/Coupe-bleue-GF2-1-2048x1536.jpg 2048w, https:\/\/saintjeanceramique.fr\/wp-content\/uploads\/2026\/03\/Coupe-bleue-GF2-1-1000x750.jpg 1000w, https:\/\/saintjeanceramique.fr\/wp-content\/uploads\/2026\/03\/Coupe-bleue-GF2-1-230x173.jpg 230w, https:\/\/saintjeanceramique.fr\/wp-content\/uploads\/2026\/03\/Coupe-bleue-GF2-1-350x263.jpg 350w, https:\/\/saintjeanceramique.fr\/wp-content\/uploads\/2026\/03\/Coupe-bleue-GF2-1-480x360.jpg 480w, https:\/\/saintjeanceramique.fr\/wp-content\/uploads\/2026\/03\/Coupe-bleue-GF2-1-800x600.jpg 800w\" sizes=\"auto, (max-width: 300px) 100vw, 300px\" \/><\/p>\n<p>Coupe Bleue Grand Format<\/p>\n","protected":false},"excerpt":{"rendered":"<p>Coupe Bleue Grand Format<\/p>\n","protected":false},"featured_media":316,"template":"","meta":[],"product_brand":[],"product_cat":[23],"product_tag":[],"class_list":{"0":"post-306","1":"product","2":"type-product","3":"status-publish","4":"has-post-thumbnail","6":"product_cat-bols-mugs-tasses","8":"first","9":"instock","10":"shipping-taxable","11":"purchasable","12":"product-type-simple"},"yoast_head":"<!-- This site is optimized with the Yoast SEO plugin v27.5 - https:\/\/yoast.com\/product\/yoast-seo-wordpress\/ -->\n<title>Coupe bleue grand format - Saint-Jean C\u00e9ramique<\/title>\n<meta name=\"description\" content=\"Large blue cup\" \/>\n<meta name=\"robots\" content=\"index, follow, max-snippet:-1, max-image-preview:large, max-video-preview:-1\" \/>\n<link rel=\"canonical\" href=\"https:\/\/saintjeanceramique.fr\/index.php\/produit\/coupe-bleue-grand-format\/\" \/>\n<meta property=\"og:locale\" content=\"en_US\" \/>\n<meta property=\"og:type\" content=\"article\" \/>\n<meta property=\"og:title\" content=\"Large blue cup\" \/>\n<meta property=\"og:description\" content=\"Large blue cup\" \/>\n<meta property=\"og:url\" content=\"https:\/\/saintjeanceramique.fr\/index.php\/produit\/coupe-bleue-grand-format\/\" \/>\n<meta property=\"og:site_name\" content=\"Saint-Jean C\u00e9ramique\" \/>\n<meta property=\"og:image\" content=\"https:\/\/saintjeanceramique.fr\/wp-content\/uploads\/2026\/03\/Coupe-bleue-GF2-scaled.jpg\" \/>\n\t<meta property=\"og:image:width\" content=\"2560\" \/>\n\t<meta property=\"og:image:height\" content=\"1920\" \/>\n\t<meta property=\"og:image:type\" content=\"image\/jpeg\" \/>\n<meta name=\"twitter:card\" content=\"summary_large_image\" \/>\n<meta name=\"twitter:label1\" content=\"Est. reading time\" \/>\n\t<meta name=\"twitter:data1\" content=\"1 minute\" \/>\n<script type=\"application\/ld+json\" class=\"yoast-schema-graph\">{\"@context\":\"https:\\\/\\\/schema.org\",\"@graph\":[{\"@type\":\"WebPage\",\"@id\":\"https:\\\/\\\/saintjeanceramique.fr\\\/index.php\\\/produit\\\/coupe-bleue-grand-format\\\/\",\"url\":\"https:\\\/\\\/saintjeanceramique.fr\\\/index.php\\\/produit\\\/coupe-bleue-grand-format\\\/\",\"name\":\"Coupe bleue grand format - Saint-Jean C\u00e9ramique\",\"isPartOf\":{\"@id\":\"https:\\\/\\\/saintjeanceramique.fr\\\/#website\"},\"primaryImageOfPage\":{\"@id\":\"https:\\\/\\\/saintjeanceramique.fr\\\/index.php\\\/produit\\\/coupe-bleue-grand-format\\\/#primaryimage\"},\"image\":{\"@id\":\"https:\\\/\\\/saintjeanceramique.fr\\\/index.php\\\/produit\\\/coupe-bleue-grand-format\\\/#primaryimage\"},\"thumbnailUrl\":\"https:\\\/\\\/saintjeanceramique.fr\\\/wp-content\\\/uploads\\\/2026\\\/03\\\/Coupe-bleue-GF2-scaled.jpg\",\"datePublished\":\"2026-03-21T16:16:02+00:00\",\"description\":\"Large blue cup\",\"breadcrumb\":{\"@id\":\"https:\\\/\\\/saintjeanceramique.fr\\\/index.php\\\/produit\\\/coupe-bleue-grand-format\\\/#breadcrumb\"},\"inLanguage\":\"en-US\",\"potentialAction\":[{\"@type\":\"ReadAction\",\"target\":[\"https:\\\/\\\/saintjeanceramique.fr\\\/index.php\\\/produit\\\/coupe-bleue-grand-format\\\/\"]}]},{\"@type\":\"ImageObject\",\"inLanguage\":\"en-US\",\"@id\":\"https:\\\/\\\/saintjeanceramique.fr\\\/index.php\\\/produit\\\/coupe-bleue-grand-format\\\/#primaryimage\",\"url\":\"https:\\\/\\\/saintjeanceramique.fr\\\/wp-content\\\/uploads\\\/2026\\\/03\\\/Coupe-bleue-GF2-scaled.jpg\",\"contentUrl\":\"https:\\\/\\\/saintjeanceramique.fr\\\/wp-content\\\/uploads\\\/2026\\\/03\\\/Coupe-bleue-GF2-scaled.jpg\",\"width\":2560,\"height\":1920},{\"@type\":\"BreadcrumbList\",\"@id\":\"https:\\\/\\\/saintjeanceramique.fr\\\/index.php\\\/produit\\\/coupe-bleue-grand-format\\\/#breadcrumb\",\"itemListElement\":[{\"@type\":\"ListItem\",\"position\":1,\"name\":\"Accueil\",\"item\":\"https:\\\/\\\/saintjeanceramique.fr\\\/\"},{\"@type\":\"ListItem\",\"position\":2,\"name\":\"Boutique\",\"item\":\"https:\\\/\\\/saintjeanceramique.fr\\\/\"},{\"@type\":\"ListItem\",\"position\":3,\"name\":\"Coupe bleue grand format\"}]},{\"@type\":\"WebSite\",\"@id\":\"https:\\\/\\\/saintjeanceramique.fr\\\/#website\",\"url\":\"https:\\\/\\\/saintjeanceramique.fr\\\/\",\"name\":\"Saint-Jean C\u00e9ramique\",\"description\":\"Donner corps \u00e0 la p\u00e2te et la rev\u00eatir avec go\u00fbt  \",\"potentialAction\":[{\"@type\":\"SearchAction\",\"target\":{\"@type\":\"EntryPoint\",\"urlTemplate\":\"https:\\\/\\\/saintjeanceramique.fr\\\/?s={search_term_string}\"},\"query-input\":{\"@type\":\"PropertyValueSpecification\",\"valueRequired\":true,\"valueName\":\"search_term_string\"}}],\"inLanguage\":\"en-US\"}]}<\/script>\n<!-- \/ Yoast SEO plugin. -->","yoast_head_json":{"title":"Coupe bleue grand format - Saint-Jean C\u00e9ramique","description":"Large blue cup","robots":{"index":"index","follow":"follow","max-snippet":"max-snippet:-1","max-image-preview":"max-image-preview:large","max-video-preview":"max-video-preview:-1"},"canonical":"https:\/\/saintjeanceramique.fr\/index.php\/produit\/coupe-bleue-grand-format\/","og_locale":"en_US","og_type":"article","og_title":"Large blue cup","og_description":"Large blue cup","og_url":"https:\/\/saintjeanceramique.fr\/index.php\/produit\/coupe-bleue-grand-format\/","og_site_name":"Saint-Jean C\u00e9ramique","og_image":[{"width":2560,"height":1920,"url":"https:\/\/saintjeanceramique.fr\/wp-content\/uploads\/2026\/03\/Coupe-bleue-GF2-scaled.jpg","type":"image\/jpeg"}],"twitter_card":"summary_large_image","twitter_misc":{"Est. reading time":"1 minute"},"schema":{"@context":"https:\/\/schema.org","@graph":[{"@type":"WebPage","@id":"https:\/\/saintjeanceramique.fr\/index.php\/produit\/coupe-bleue-grand-format\/","url":"https:\/\/saintjeanceramique.fr\/index.php\/produit\/coupe-bleue-grand-format\/","name":"Coupe bleue grand format - Saint-Jean C\u00e9ramique","isPartOf":{"@id":"https:\/\/saintjeanceramique.fr\/#website"},"primaryImageOfPage":{"@id":"https:\/\/saintjeanceramique.fr\/index.php\/produit\/coupe-bleue-grand-format\/#primaryimage"},"image":{"@id":"https:\/\/saintjeanceramique.fr\/index.php\/produit\/coupe-bleue-grand-format\/#primaryimage"},"thumbnailUrl":"https:\/\/saintjeanceramique.fr\/wp-content\/uploads\/2026\/03\/Coupe-bleue-GF2-scaled.jpg","datePublished":"2026-03-21T16:16:02+00:00","description":"Large blue cup","breadcrumb":{"@id":"https:\/\/saintjeanceramique.fr\/index.php\/produit\/coupe-bleue-grand-format\/#breadcrumb"},"inLanguage":"en-US","potentialAction":[{"@type":"ReadAction","target":["https:\/\/saintjeanceramique.fr\/index.php\/produit\/coupe-bleue-grand-format\/"]}]},{"@type":"ImageObject","inLanguage":"en-US","@id":"https:\/\/saintjeanceramique.fr\/index.php\/produit\/coupe-bleue-grand-format\/#primaryimage","url":"https:\/\/saintjeanceramique.fr\/wp-content\/uploads\/2026\/03\/Coupe-bleue-GF2-scaled.jpg","contentUrl":"https:\/\/saintjeanceramique.fr\/wp-content\/uploads\/2026\/03\/Coupe-bleue-GF2-scaled.jpg","width":2560,"height":1920},{"@type":"BreadcrumbList","@id":"https:\/\/saintjeanceramique.fr\/index.php\/produit\/coupe-bleue-grand-format\/#breadcrumb","itemListElement":[{"@type":"ListItem","position":1,"name":"Accueil","item":"https:\/\/saintjeanceramique.fr\/"},{"@type":"ListItem","position":2,"name":"Boutique","item":"https:\/\/saintjeanceramique.fr\/"},{"@type":"ListItem","position":3,"name":"Coupe bleue grand format"}]},{"@type":"WebSite","@id":"https:\/\/saintjeanceramique.fr\/#website","url":"https:\/\/saintjeanceramique.fr\/","name":"Saint-Jean C\u00e9ramique","description":"Donner corps \u00e0 la p\u00e2te et la rev\u00eatir avec go\u00fbt  ","potentialAction":[{"@type":"SearchAction","target":{"@type":"EntryPoint","urlTemplate":"https:\/\/saintjeanceramique.fr\/?s={search_term_string}"},"query-input":{"@type":"PropertyValueSpecification","valueRequired":true,"valueName":"search_term_string"}}],"inLanguage":"en-US"}]}},"_links":{"self":[{"href":"https:\/\/saintjeanceramique.fr\/index.php\/wp-json\/wp\/v2\/product\/306","targetHints":{"allow":["GET"]}}],"collection":[{"href":"https:\/\/saintjeanceramique.fr\/index.php\/wp-json\/wp\/v2\/product"}],"about":[{"href":"https:\/\/saintjeanceramique.fr\/index.php\/wp-json\/wp\/v2\/types\/product"}],"wp:featuredmedia":[{"embeddable":true,"href":"https:\/\/saintjeanceramique.fr\/index.php\/wp-json\/wp\/v2\/media\/316"}],"wp:attachment":[{"href":"https:\/\/saintjeanceramique.fr\/index.php\/wp-json\/wp\/v2\/media?parent=306"}],"wp:term":[{"taxonomy":"product_brand","embeddable":true,"href":"https:\/\/saintjeanceramique.fr\/index.php\/wp-json\/wp\/v2\/product_brand?post=306"},{"taxonomy":"product_cat","embeddable":true,"href":"https:\/\/saintjeanceramique.fr\/index.php\/wp-json\/wp\/v2\/product_cat?post=306"},{"taxonomy":"product_tag","embeddable":true,"href":"https:\/\/saintjeanceramique.fr\/index.php\/wp-json\/wp\/v2\/product_tag?post=306"}],"curies":[{"name":"wp","href":"https:\/\/api.w.org\/{rel}","templated":true}]}}