{"id":258,"date":"2026-03-17T13:37:12","date_gmt":"2026-03-17T12:37:12","guid":{"rendered":"https:\/\/saintjeanceramique.fr\/?post_type=product&#038;p=258"},"modified":"2026-03-17T14:22:00","modified_gmt":"2026-03-17T13:22:00","slug":"coupe-rose-petit-format","status":"publish","type":"product","link":"https:\/\/saintjeanceramique.fr\/index.php\/produit\/coupe-rose-petit-format\/","title":{"rendered":"Coupe Rose Petit Format"},"content":{"rendered":"<p><img loading=\"lazy\" decoding=\"async\" class=\"alignnone size-medium wp-image-262\" src=\"https:\/\/saintjeanceramique.fr\/wp-content\/uploads\/2026\/03\/CoupelleRose1-2-300x225.jpg\" alt=\"\" width=\"300\" height=\"225\" srcset=\"https:\/\/saintjeanceramique.fr\/wp-content\/uploads\/2026\/03\/CoupelleRose1-2-300x225.jpg 300w, https:\/\/saintjeanceramique.fr\/wp-content\/uploads\/2026\/03\/CoupelleRose1-2-1024x768.jpg 1024w, https:\/\/saintjeanceramique.fr\/wp-content\/uploads\/2026\/03\/CoupelleRose1-2-768x576.jpg 768w, https:\/\/saintjeanceramique.fr\/wp-content\/uploads\/2026\/03\/CoupelleRose1-2-1536x1152.jpg 1536w, https:\/\/saintjeanceramique.fr\/wp-content\/uploads\/2026\/03\/CoupelleRose1-2-2048x1536.jpg 2048w, https:\/\/saintjeanceramique.fr\/wp-content\/uploads\/2026\/03\/CoupelleRose1-2-1000x750.jpg 1000w, https:\/\/saintjeanceramique.fr\/wp-content\/uploads\/2026\/03\/CoupelleRose1-2-230x173.jpg 230w, https:\/\/saintjeanceramique.fr\/wp-content\/uploads\/2026\/03\/CoupelleRose1-2-350x263.jpg 350w, https:\/\/saintjeanceramique.fr\/wp-content\/uploads\/2026\/03\/CoupelleRose1-2-480x360.jpg 480w, https:\/\/saintjeanceramique.fr\/wp-content\/uploads\/2026\/03\/CoupelleRose1-2-800x600.jpg 800w\" sizes=\"auto, (max-width: 300px) 100vw, 300px\" \/><img loading=\"lazy\" decoding=\"async\" class=\"alignnone size-medium wp-image-263\" src=\"https:\/\/saintjeanceramique.fr\/wp-content\/uploads\/2026\/03\/CoupelleRose2-1-300x225.jpg\" alt=\"\" width=\"300\" height=\"225\" srcset=\"https:\/\/saintjeanceramique.fr\/wp-content\/uploads\/2026\/03\/CoupelleRose2-1-300x225.jpg 300w, https:\/\/saintjeanceramique.fr\/wp-content\/uploads\/2026\/03\/CoupelleRose2-1-1024x768.jpg 1024w, https:\/\/saintjeanceramique.fr\/wp-content\/uploads\/2026\/03\/CoupelleRose2-1-768x576.jpg 768w, https:\/\/saintjeanceramique.fr\/wp-content\/uploads\/2026\/03\/CoupelleRose2-1-1536x1152.jpg 1536w, https:\/\/saintjeanceramique.fr\/wp-content\/uploads\/2026\/03\/CoupelleRose2-1-2048x1536.jpg 2048w, https:\/\/saintjeanceramique.fr\/wp-content\/uploads\/2026\/03\/CoupelleRose2-1-1000x750.jpg 1000w, https:\/\/saintjeanceramique.fr\/wp-content\/uploads\/2026\/03\/CoupelleRose2-1-230x173.jpg 230w, https:\/\/saintjeanceramique.fr\/wp-content\/uploads\/2026\/03\/CoupelleRose2-1-350x263.jpg 350w, https:\/\/saintjeanceramique.fr\/wp-content\/uploads\/2026\/03\/CoupelleRose2-1-480x360.jpg 480w, https:\/\/saintjeanceramique.fr\/wp-content\/uploads\/2026\/03\/CoupelleRose2-1-800x600.jpg 800w\" sizes=\"auto, (max-width: 300px) 100vw, 300px\" \/><\/p>\n<p>Coupe Rose Petit Format<\/p>\n","protected":false},"excerpt":{"rendered":"<p>Coupe Rose Petit Format<\/p>\n","protected":false},"featured_media":263,"template":"","meta":[],"product_brand":[],"product_cat":[23],"product_tag":[],"class_list":{"0":"post-258","1":"product","2":"type-product","3":"status-publish","4":"has-post-thumbnail","6":"product_cat-bols-mugs-tasses","8":"first","9":"instock","10":"shipping-taxable","11":"purchasable","12":"product-type-simple"},"yoast_head":"<!-- This site is optimized with the Yoast SEO plugin v27.5 - https:\/\/yoast.com\/product\/yoast-seo-wordpress\/ -->\n<title>Coupe Rose Petit Format - Saint-Jean C\u00e9ramique<\/title>\n<meta name=\"description\" content=\"Small pink bowl\" \/>\n<meta name=\"robots\" content=\"index, follow, max-snippet:-1, max-image-preview:large, max-video-preview:-1\" \/>\n<link rel=\"canonical\" href=\"https:\/\/saintjeanceramique.fr\/index.php\/produit\/coupe-rose-petit-format\/\" \/>\n<meta property=\"og:locale\" content=\"en_US\" \/>\n<meta property=\"og:type\" content=\"article\" \/>\n<meta property=\"og:title\" content=\"Small pink bowl\" \/>\n<meta property=\"og:description\" content=\"Small pink bowl\" \/>\n<meta property=\"og:url\" content=\"https:\/\/saintjeanceramique.fr\/index.php\/produit\/coupe-rose-petit-format\/\" \/>\n<meta property=\"og:site_name\" content=\"Saint-Jean C\u00e9ramique\" \/>\n<meta property=\"article:modified_time\" content=\"2026-03-17T13:22:00+00:00\" \/>\n<meta property=\"og:image\" content=\"https:\/\/saintjeanceramique.fr\/wp-content\/uploads\/2026\/03\/CoupelleRose2-scaled.jpg\" \/>\n\t<meta property=\"og:image:width\" content=\"2560\" \/>\n\t<meta property=\"og:image:height\" content=\"1920\" \/>\n\t<meta property=\"og:image:type\" content=\"image\/jpeg\" \/>\n<meta name=\"twitter:card\" content=\"summary_large_image\" \/>\n<meta name=\"twitter:label1\" content=\"Est. reading time\" \/>\n\t<meta name=\"twitter:data1\" content=\"1 minute\" \/>\n<script type=\"application\/ld+json\" class=\"yoast-schema-graph\">{\"@context\":\"https:\\\/\\\/schema.org\",\"@graph\":[{\"@type\":\"WebPage\",\"@id\":\"https:\\\/\\\/saintjeanceramique.fr\\\/index.php\\\/produit\\\/coupe-rose-petit-format\\\/\",\"url\":\"https:\\\/\\\/saintjeanceramique.fr\\\/index.php\\\/produit\\\/coupe-rose-petit-format\\\/\",\"name\":\"Coupe Rose Petit Format - Saint-Jean C\u00e9ramique\",\"isPartOf\":{\"@id\":\"https:\\\/\\\/saintjeanceramique.fr\\\/#website\"},\"primaryImageOfPage\":{\"@id\":\"https:\\\/\\\/saintjeanceramique.fr\\\/index.php\\\/produit\\\/coupe-rose-petit-format\\\/#primaryimage\"},\"image\":{\"@id\":\"https:\\\/\\\/saintjeanceramique.fr\\\/index.php\\\/produit\\\/coupe-rose-petit-format\\\/#primaryimage\"},\"thumbnailUrl\":\"https:\\\/\\\/saintjeanceramique.fr\\\/wp-content\\\/uploads\\\/2026\\\/03\\\/CoupelleRose2-1-scaled.jpg\",\"datePublished\":\"2026-03-17T12:37:12+00:00\",\"dateModified\":\"2026-03-17T13:22:00+00:00\",\"description\":\"Small pink bowl\",\"breadcrumb\":{\"@id\":\"https:\\\/\\\/saintjeanceramique.fr\\\/index.php\\\/produit\\\/coupe-rose-petit-format\\\/#breadcrumb\"},\"inLanguage\":\"en-US\",\"potentialAction\":[{\"@type\":\"ReadAction\",\"target\":[\"https:\\\/\\\/saintjeanceramique.fr\\\/index.php\\\/produit\\\/coupe-rose-petit-format\\\/\"]}]},{\"@type\":\"ImageObject\",\"inLanguage\":\"en-US\",\"@id\":\"https:\\\/\\\/saintjeanceramique.fr\\\/index.php\\\/produit\\\/coupe-rose-petit-format\\\/#primaryimage\",\"url\":\"https:\\\/\\\/saintjeanceramique.fr\\\/wp-content\\\/uploads\\\/2026\\\/03\\\/CoupelleRose2-1-scaled.jpg\",\"contentUrl\":\"https:\\\/\\\/saintjeanceramique.fr\\\/wp-content\\\/uploads\\\/2026\\\/03\\\/CoupelleRose2-1-scaled.jpg\",\"width\":2560,\"height\":1920},{\"@type\":\"BreadcrumbList\",\"@id\":\"https:\\\/\\\/saintjeanceramique.fr\\\/index.php\\\/produit\\\/coupe-rose-petit-format\\\/#breadcrumb\",\"itemListElement\":[{\"@type\":\"ListItem\",\"position\":1,\"name\":\"Accueil\",\"item\":\"https:\\\/\\\/saintjeanceramique.fr\\\/\"},{\"@type\":\"ListItem\",\"position\":2,\"name\":\"Boutique\",\"item\":\"https:\\\/\\\/saintjeanceramique.fr\\\/\"},{\"@type\":\"ListItem\",\"position\":3,\"name\":\"Coupe Rose Petit Format\"}]},{\"@type\":\"WebSite\",\"@id\":\"https:\\\/\\\/saintjeanceramique.fr\\\/#website\",\"url\":\"https:\\\/\\\/saintjeanceramique.fr\\\/\",\"name\":\"Saint-Jean C\u00e9ramique\",\"description\":\"Donner corps \u00e0 la p\u00e2te et la rev\u00eatir avec go\u00fbt  \",\"potentialAction\":[{\"@type\":\"SearchAction\",\"target\":{\"@type\":\"EntryPoint\",\"urlTemplate\":\"https:\\\/\\\/saintjeanceramique.fr\\\/?s={search_term_string}\"},\"query-input\":{\"@type\":\"PropertyValueSpecification\",\"valueRequired\":true,\"valueName\":\"search_term_string\"}}],\"inLanguage\":\"en-US\"}]}<\/script>\n<!-- \/ Yoast SEO plugin. -->","yoast_head_json":{"title":"Coupe Rose Petit Format - Saint-Jean C\u00e9ramique","description":"Small pink bowl","robots":{"index":"index","follow":"follow","max-snippet":"max-snippet:-1","max-image-preview":"max-image-preview:large","max-video-preview":"max-video-preview:-1"},"canonical":"https:\/\/saintjeanceramique.fr\/index.php\/produit\/coupe-rose-petit-format\/","og_locale":"en_US","og_type":"article","og_title":"Small pink bowl","og_description":"Small pink bowl","og_url":"https:\/\/saintjeanceramique.fr\/index.php\/produit\/coupe-rose-petit-format\/","og_site_name":"Saint-Jean C\u00e9ramique","article_modified_time":"2026-03-17T13:22:00+00:00","og_image":[{"width":2560,"height":1920,"url":"https:\/\/saintjeanceramique.fr\/wp-content\/uploads\/2026\/03\/CoupelleRose2-scaled.jpg","type":"image\/jpeg"}],"twitter_card":"summary_large_image","twitter_misc":{"Est. reading time":"1 minute"},"schema":{"@context":"https:\/\/schema.org","@graph":[{"@type":"WebPage","@id":"https:\/\/saintjeanceramique.fr\/index.php\/produit\/coupe-rose-petit-format\/","url":"https:\/\/saintjeanceramique.fr\/index.php\/produit\/coupe-rose-petit-format\/","name":"Coupe Rose Petit Format - Saint-Jean C\u00e9ramique","isPartOf":{"@id":"https:\/\/saintjeanceramique.fr\/#website"},"primaryImageOfPage":{"@id":"https:\/\/saintjeanceramique.fr\/index.php\/produit\/coupe-rose-petit-format\/#primaryimage"},"image":{"@id":"https:\/\/saintjeanceramique.fr\/index.php\/produit\/coupe-rose-petit-format\/#primaryimage"},"thumbnailUrl":"https:\/\/saintjeanceramique.fr\/wp-content\/uploads\/2026\/03\/CoupelleRose2-1-scaled.jpg","datePublished":"2026-03-17T12:37:12+00:00","dateModified":"2026-03-17T13:22:00+00:00","description":"Small pink bowl","breadcrumb":{"@id":"https:\/\/saintjeanceramique.fr\/index.php\/produit\/coupe-rose-petit-format\/#breadcrumb"},"inLanguage":"en-US","potentialAction":[{"@type":"ReadAction","target":["https:\/\/saintjeanceramique.fr\/index.php\/produit\/coupe-rose-petit-format\/"]}]},{"@type":"ImageObject","inLanguage":"en-US","@id":"https:\/\/saintjeanceramique.fr\/index.php\/produit\/coupe-rose-petit-format\/#primaryimage","url":"https:\/\/saintjeanceramique.fr\/wp-content\/uploads\/2026\/03\/CoupelleRose2-1-scaled.jpg","contentUrl":"https:\/\/saintjeanceramique.fr\/wp-content\/uploads\/2026\/03\/CoupelleRose2-1-scaled.jpg","width":2560,"height":1920},{"@type":"BreadcrumbList","@id":"https:\/\/saintjeanceramique.fr\/index.php\/produit\/coupe-rose-petit-format\/#breadcrumb","itemListElement":[{"@type":"ListItem","position":1,"name":"Accueil","item":"https:\/\/saintjeanceramique.fr\/"},{"@type":"ListItem","position":2,"name":"Boutique","item":"https:\/\/saintjeanceramique.fr\/"},{"@type":"ListItem","position":3,"name":"Coupe Rose Petit Format"}]},{"@type":"WebSite","@id":"https:\/\/saintjeanceramique.fr\/#website","url":"https:\/\/saintjeanceramique.fr\/","name":"Saint-Jean C\u00e9ramique","description":"Donner corps \u00e0 la p\u00e2te et la rev\u00eatir avec go\u00fbt  ","potentialAction":[{"@type":"SearchAction","target":{"@type":"EntryPoint","urlTemplate":"https:\/\/saintjeanceramique.fr\/?s={search_term_string}"},"query-input":{"@type":"PropertyValueSpecification","valueRequired":true,"valueName":"search_term_string"}}],"inLanguage":"en-US"}]}},"_links":{"self":[{"href":"https:\/\/saintjeanceramique.fr\/index.php\/wp-json\/wp\/v2\/product\/258","targetHints":{"allow":["GET"]}}],"collection":[{"href":"https:\/\/saintjeanceramique.fr\/index.php\/wp-json\/wp\/v2\/product"}],"about":[{"href":"https:\/\/saintjeanceramique.fr\/index.php\/wp-json\/wp\/v2\/types\/product"}],"wp:featuredmedia":[{"embeddable":true,"href":"https:\/\/saintjeanceramique.fr\/index.php\/wp-json\/wp\/v2\/media\/263"}],"wp:attachment":[{"href":"https:\/\/saintjeanceramique.fr\/index.php\/wp-json\/wp\/v2\/media?parent=258"}],"wp:term":[{"taxonomy":"product_brand","embeddable":true,"href":"https:\/\/saintjeanceramique.fr\/index.php\/wp-json\/wp\/v2\/product_brand?post=258"},{"taxonomy":"product_cat","embeddable":true,"href":"https:\/\/saintjeanceramique.fr\/index.php\/wp-json\/wp\/v2\/product_cat?post=258"},{"taxonomy":"product_tag","embeddable":true,"href":"https:\/\/saintjeanceramique.fr\/index.php\/wp-json\/wp\/v2\/product_tag?post=258"}],"curies":[{"name":"wp","href":"https:\/\/api.w.org\/{rel}","templated":true}]}}